{"id":1453,"date":"2017-04-21T14:34:23","date_gmt":"2017-04-21T12:34:23","guid":{"rendered":"http:\/\/www.studio-kubik.de\/?page_id=1453"},"modified":"2023-01-06T10:22:22","modified_gmt":"2023-01-06T09:22:22","slug":"team","status":"publish","type":"page","link":"https:\/\/www.studio-kubik.de\/en\/kontakt\/team\/","title":{"rendered":"team"},"content":{"rendered":"<h4 style=\"text-align: center;\"><\/h4>\n<h4 style=\"text-align: center;\"><img loading=\"lazy\" decoding=\"async\" class=\"alignnone size-full wp-image-1861\" src=\"https:\/\/www.studio-kubik.de\/wp-content\/uploads\/2018\/12\/STUDIOKUBIK-architektur-architecture-berlin-4.jpg\" alt=\"STUDIOKUBIK-architektur-architecture-berlin\" width=\"1500\" height=\"632\" srcset=\"https:\/\/www.studio-kubik.de\/wp-content\/uploads\/2018\/12\/STUDIOKUBIK-architektur-architecture-berlin-4.jpg 1500w, https:\/\/www.studio-kubik.de\/wp-content\/uploads\/2018\/12\/STUDIOKUBIK-architektur-architecture-berlin-4-300x126.jpg 300w, https:\/\/www.studio-kubik.de\/wp-content\/uploads\/2018\/12\/STUDIOKUBIK-architektur-architecture-berlin-4-768x324.jpg 768w, https:\/\/www.studio-kubik.de\/wp-content\/uploads\/2018\/12\/STUDIOKUBIK-architektur-architecture-berlin-4-1024x431.jpg 1024w, https:\/\/www.studio-kubik.de\/wp-content\/uploads\/2018\/12\/STUDIOKUBIK-architektur-architecture-berlin-4-1200x506.jpg 1200w\" sizes=\"auto, (max-width: 1500px) 100vw, 1500px\" \/><\/h4>\n<p style=\"text-align: left;\"><strong><br \/>\nSTUDIOKUBIK<\/strong> ist ein junges Team von Architekten in Berlin-Sch\u00f6neberg. Der Name steht f\u00fcr die Idee, dass Architektur mehr als nur vier W\u00e4nde und ein Dach ist, sondern gestalteter Raum &#8211; vom M\u00f6bel bis zur Landschaft, von der Idee bis zum (Bau)werk. Wir wollen Orte mit Charakter schaffen, die eine eigene Geschichte erz\u00e4hlen. Daf\u00fcr entwickeln wir gemeinsam mit jedem Nutzer aus seinen Ideen und Bed\u00fcrfnissen individuelle Konzepte. F\u00fcr die Kleinsten in Kinderg\u00e4rten bis zu den \u00e4lteren Jahrg\u00e4ngen in barrierefreien Wohnprojekten und betreuten Wohnformen.<\/p>\n<p style=\"text-align: left;\">\n<p style=\"text-align: left;\"><strong>STUDIOKUBIK<\/strong> wurde 2018 von Jonas G\u00fcldenberg und Ladislaus v. Fraunberg gegr\u00fcndet, die sich beim Studium in Berlin kennen lernten. Architektur ist f\u00fcr uns ein gemeinsamer kreativer Prozess, der sich durch kontinuierlichen Austausch entwickelt und immer Neues und Einzigartiges hervorbringt. Dabei ist uns eine klare Kommunikation von Anfang an wichtig. Wir legen Wert auf den nachhaltigen Umgang mit Rohstoffen und Materialien. Nachhaltigkeit bedeutet dabei f\u00fcr uns auch eine Architektur, die robust ist und sich an zuk\u00fcnftige Ver\u00e4nderungen anpassen kann. Daf\u00fcr entwickeln wir in interdisziplin\u00e4ren Teams zusammen mit Partnern erfolgreich ganzheitliche Konzepte f\u00fcr Projekte in ganz Deutschland.<\/p>\n<p style=\"text-align: center;\">\n<p style=\"text-align: center;\">\n<h4 style=\"text-align: center;\">TEAM<\/h4>\n<hr \/>\n<h4 style=\"text-align: center;\">Jonas G\u00fcldenberg | RWTH M.Sc. Architekt<\/h4>\n<p style=\"text-align: center;\">Architektenkammer Berlin Nr. 15360<\/p>\n<p style=\"text-align: center;\"><span style=\"color: #000000;\"><strong>Studium:<\/strong> Technische Universit\u00e4t Berlin | RWTH Aachen<br \/>\n<\/span><\/p>\n<p style=\"text-align: center;\"><strong>Mitarbeit:<\/strong> FH Architekten | G\u00fcldenberg Architekten | Schulte Frohlinde Architekten | Arnold und Gladisch Architekten |\u00a0Klaus Block Architekt | HKA Architekten<\/p>\n<p style=\"text-align: center;\"><strong>Lehre:<\/strong> 2019 &#8211; 2020 akademischer Mitarbeiter am <strong><a href=\"https:\/\/www.b-tu.de\/fg-entwerfen-energieeffizientes-bauen\/\">Lehrstuhl Entwerfen und Energieeffizientes Bauen<\/a><\/strong>\u00a0an der BTU Cottbus<\/p>\n<hr \/>\n<h4 style=\"text-align: center;\">Ladislaus von Fraunberg | M.Sc. Architekt<\/h4>\n<p style=\"text-align: center;\">Architektenkammer Berlin Nr. 16227<\/p>\n<p style=\"text-align: center;\"><span style=\"color: #000000;\"><strong>Studium:<\/strong> Technische Universit\u00e4t Berlin |\u00a0Tongji University Shanghai<br \/>\n<\/span><\/p>\n<p style=\"text-align: center;\"><strong>Mitarbeit:<\/strong>\u00a0muoto architectes | KleineMetz Architekten | RobertNeun Architekten | Riegler Riewe Architekten | Arnold und Gladisch Architekten |\u00a0Klaus Block Architekt | HKA Architekten<\/p>\n<p style=\"text-align: center;\"><strong>Lehre:<\/strong> 2019 &#8211; 2020 akademischer Mitarbeiter am <strong><a href=\"https:\/\/www.b-tu.de\/fg-entwerfen-energieeffizientes-bauen\/\">Lehrstuhl Entwerfen und Energieeffizientes Bauen<\/a><\/strong>\u00a0an der BTU Cottbus<\/p>\n<hr \/>\n<h4 style=\"text-align: center;\">Mitarbeiter<\/h4>\n<p style=\"text-align: center;\">Kilian D\u00f6rfler | Fabian Pfitzinger | Maximilian G\u00f6bel | Sebastian von Stosch | Clara Kanbay | Katherina Blum | Mario H\u00f6rcher | Helen Neuenkirchen | Cristiana Bombelaj<\/p>\n","protected":false},"excerpt":{"rendered":"<p>STUDIOKUBIK ist ein junges Team von Architekten in Berlin-Sch\u00f6neberg. Der Name steht f\u00fcr die Idee, dass Architektur mehr als nur vier W\u00e4nde und ein Dach ist, sondern gestalteter Raum &#8211; vom M\u00f6bel bis zur Landschaft, von der Idee bis zum (Bau)werk. Wir wollen Orte mit Charakter schaffen, die eine eigene Geschichte erz\u00e4hlen. Daf\u00fcr entwickeln wir [&hellip;]<\/p>\n","protected":false},"author":1,"featured_media":2702,"parent":14,"menu_order":0,"comment_status":"closed","ping_status":"closed","template":"template-parts\/page-static.php","meta":{"_exactmetrics_skip_tracking":false,"_exactmetrics_sitenote_active":false,"_exactmetrics_sitenote_note":"","_exactmetrics_sitenote_category":0,"footnotes":""},"class_list":["post-1453","page","type-page","status-publish","has-post-thumbnail","hentry"],"translation":{"provider":"WPGlobus","version":"3.0.2","language":"en","enabled_languages":["de","en"],"languages":{"de":{"title":true,"content":true,"excerpt":false},"en":{"title":true,"content":false,"excerpt":false}}},"_links":{"self":[{"href":"https:\/\/www.studio-kubik.de\/en\/wp-json\/wp\/v2\/pages\/1453","targetHints":{"allow":["GET"]}}],"collection":[{"href":"https:\/\/www.studio-kubik.de\/en\/wp-json\/wp\/v2\/pages"}],"about":[{"href":"https:\/\/www.studio-kubik.de\/en\/wp-json\/wp\/v2\/types\/page"}],"author":[{"embeddable":true,"href":"https:\/\/www.studio-kubik.de\/en\/wp-json\/wp\/v2\/users\/1"}],"replies":[{"embeddable":true,"href":"https:\/\/www.studio-kubik.de\/en\/wp-json\/wp\/v2\/comments?post=1453"}],"version-history":[{"count":9,"href":"https:\/\/www.studio-kubik.de\/en\/wp-json\/wp\/v2\/pages\/1453\/revisions"}],"predecessor-version":[{"id":4232,"href":"https:\/\/www.studio-kubik.de\/en\/wp-json\/wp\/v2\/pages\/1453\/revisions\/4232"}],"up":[{"embeddable":true,"href":"https:\/\/www.studio-kubik.de\/en\/wp-json\/wp\/v2\/pages\/14"}],"wp:featuredmedia":[{"embeddable":true,"href":"https:\/\/www.studio-kubik.de\/en\/wp-json\/wp\/v2\/media\/2702"}],"wp:attachment":[{"href":"https:\/\/www.studio-kubik.de\/en\/wp-json\/wp\/v2\/media?parent=1453"}],"curies":[{"name":"wp","href":"https:\/\/api.w.org\/{rel}","templated":true}]}}